{"id":48862,"date":"2024-11-30T16:51:30","date_gmt":"2024-11-30T08:51:30","guid":{"rendered":"https:\/\/mydutchai.com\/ueber\/"},"modified":"2026-01-19T14:59:46","modified_gmt":"2026-01-19T06:59:46","slug":"ueber","status":"publish","type":"page","link":"https:\/\/mydutchai.com\/de\/ueber\/","title":{"rendered":"\u00dcber"},"content":{"rendered":"\n<div class=\"gbp-section gb-element-06c17342\">\n<div class=\"gbp-section__inner gb-element-06f3b13d\">\n<img loading=\"lazy\" decoding=\"async\" width=\"600\" height=\"900\" class=\"gb-media-0c481361\" src=\"https:\/\/mydutchai.com\/wp-content\/uploads\/2025\/05\/about-featured-img.webp\" title=\"\u00fcber-featured-img\" alt=\"\u00dcber uns\" srcset=\"https:\/\/mydutchai.com\/wp-content\/uploads\/2025\/05\/about-featured-img.webp 600w, https:\/\/mydutchai.com\/wp-content\/uploads\/2025\/05\/about-featured-img-200x300.webp 200w\" sizes=\"auto, (max-width: 600px) 100vw, 600px\" \/>\n\n\n\n<div class=\"gb-element-997a73d6\">\n<p class=\"gb-text gbp-section__tagline gb-text-16d0d5dc\">\u00dcber uns<\/p>\n\n\n\n<h2 class=\"gb-text gbp-section__headline\">KI hilft Lernenden beim Aufbau von Konversationsf\u00e4higkeiten in der realen Welt<\/h2>\n\n\n\n<p class=\"gb-text gbp-section__text\">Mit Hilfe von KI simuliert Dutch Ai lebensechte Gespr\u00e4che, die sich an Ihr Niveau, Ihr Tempo und Ihre Interessen anpassen \u2013 so sind Sie bestens darauf vorbereitet, in allt\u00e4glichen Situationen selbstbewusst zu sprechen. <\/p>\n\n\n\n<div class=\"gb-element-a9640d9e\">\n<div class=\"gb-element-8cd87cf1\">\n<span class=\"gb-shape gb-shape-1af24054\"><svg xmlns=\"http:\/\/www.w3.org\/2000\/svg\" width=\"32\" height=\"32\" viewbox=\"0 0 256 256\"><path d=\"M176.49,95.51a12,12,0,0,1,0,17l-56,56a12,12,0,0,1-17,0l-24-24a12,12,0,1,1,17-17L112,143l47.51-47.52A12,12,0,0,1,176.49,95.51ZM236,128A108,108,0,1,1,128,20,108.12,108.12,0,0,1,236,128Zm-24,0a84,84,0,1,0-84,84A84.09,84.09,0,0,0,212,128Z\"><\/path><\/svg><\/span>\n\n\n\n<div class=\"gb-element-ee8c36ac\">\n<h3 class=\"gb-text gb-text-d6f539e4\">Adaptive Konversationen<\/h3>\n\n\n\n<p class=\"gb-text gb-text-4a43a638\">\u00dcben Sie dynamische Dialoge, die sich auf der Grundlage Ihrer Antworten weiterentwickeln.<\/p>\n<\/div>\n<\/div>\n\n\n\n<div class=\"gb-element-cbeb8c0e\">\n<span class=\"gb-shape gb-shape-e9d71d55\"><svg xmlns=\"http:\/\/www.w3.org\/2000\/svg\" width=\"32\" height=\"32\" viewbox=\"0 0 256 256\"><path d=\"M176.49,95.51a12,12,0,0,1,0,17l-56,56a12,12,0,0,1-17,0l-24-24a12,12,0,1,1,17-17L112,143l47.51-47.52A12,12,0,0,1,176.49,95.51ZM236,128A108,108,0,1,1,128,20,108.12,108.12,0,0,1,236,128Zm-24,0a84,84,0,1,0-84,84A84.09,84.09,0,0,0,212,128Z\"><\/path><\/svg><\/span>\n\n\n\n<div class=\"gb-element-6ce30ec1\">\n<h3 class=\"gb-text gb-text-a023e289\"><strong>Kultureller Kontext eingebaut<\/strong><\/h3>\n\n\n\n<p class=\"gb-text gb-text-1e2b7074\">Lernen Sie nicht nur die Sprache, sondern auch, wie die Menschen sie tats\u00e4chlich sprechen.<\/p>\n<\/div>\n<\/div>\n\n\n\n<div class=\"gb-element-195e2b74\">\n<span class=\"gb-shape gb-shape-63674600\"><svg xmlns=\"http:\/\/www.w3.org\/2000\/svg\" width=\"32\" height=\"32\" viewbox=\"0 0 256 256\"><path d=\"M176.49,95.51a12,12,0,0,1,0,17l-56,56a12,12,0,0,1-17,0l-24-24a12,12,0,1,1,17-17L112,143l47.51-47.52A12,12,0,0,1,176.49,95.51ZM236,128A108,108,0,1,1,128,20,108.12,108.12,0,0,1,236,128Zm-24,0a84,84,0,1,0-84,84A84.09,84.09,0,0,0,212,128Z\"><\/path><\/svg><\/span>\n\n\n\n<div class=\"gb-element-0a033fd9\">\n<h3 class=\"gb-text gb-text-cc1794d8\"><strong>Feedback, das Sie leitet<\/strong><\/h3>\n\n\n\n<p class=\"gb-text gb-text-70569cd2\">Erhalten Sie Tipps zur Aussprache und zum Sprachfluss in Echtzeit, um sich schnell zu verbessern.<\/p>\n<\/div>\n<\/div>\n<\/div>\n\n\n\n<a class=\"gbp-button--primary gb-text-744189f7\" href=\"\/\"><span class=\"gb-text\">Jetzt loslegen<\/span><span class=\"gb-shape\"><svg xmlns=\"http:\/\/www.w3.org\/2000\/svg\" viewbox=\"0 0 256 256\" height=\"32\" width=\"32\"><path d=\"M224.49,136.49l-72,72a12,12,0,0,1-17-17L187,140H40a12,12,0,0,1,0-24H187L135.51,64.48a12,12,0,0,1,17-17l72,72A12,12,0,0,1,224.49,136.49Z\"><\/path><\/svg><\/span><\/a>\n<\/div>\n<\/div>\n<\/div>\n\n<div class=\"gbp-section gb-element-f1f35e59\">\n<div class=\"gbp-section__inner gb-element-84fa265f\">\n<div class=\"gb-element-62e208aa\">\n<p class=\"gb-text gbp-section__tagline\">Statistiken<\/p>\n\n\n\n<h2 class=\"gb-text gbp-section__headline gb-text-8226f753\">Lernende lieben Dutch Ai, weil es funktioniert.<br> <br> <br><\/h2>\n\n\n\n<ul class=\"gb-element-5fed47d5\">\n<li class=\"gb-element-9046a3db\">\n<div class=\"gb-text gb-text-356e9f85\">5x<\/div>\n\n\n\n<p class=\"gb-text gb-text-4cb76940\">Schnelleres Lernen als bei den Apps von Green Birds<\/p>\n<\/li>\n\n\n\n<li class=\"gb-element-5cd3507b\">\n<div class=\"gb-text gb-text-5c808f44\">1000+<\/div>\n\n\n\n<p class=\"gb-text gb-text-1b570773\">5 Sterne Bewertungen<\/p>\n<\/li>\n\n\n\n<li class=\"gb-element-b0a20451\">\n<div class=\"gb-text gb-text-54445df2\">100%<\/div>\n\n\n\n<p class=\"gb-text gb-text-8381aa84\">Mehr Spa\u00df als Lehrb\u00fccher<\/p>\n<\/li>\n\n\n\n<li class=\"gb-element-c298f2ef\">\n<div class=\"gb-text gb-text-5f8c07e3\">10k+<\/div>\n\n\n\n<p class=\"gb-text gb-text-a5091794\">Fr\u00f6hliche Chatter<\/p>\n<\/li>\n<\/ul>\n<\/div>\n\n\n\n<img loading=\"lazy\" decoding=\"async\" width=\"1536\" height=\"1024\" class=\"gb-media-2a3329be\" src=\"https:\/\/mydutchai.com\/wp-content\/uploads\/2025\/05\/about_travel_chat_1.webp\" title=\"\u00fcber_Reisen_chat_1\" alt=\"\" srcset=\"https:\/\/mydutchai.com\/wp-content\/uploads\/2025\/05\/about_travel_chat_1.webp 1536w, https:\/\/mydutchai.com\/wp-content\/uploads\/2025\/05\/about_travel_chat_1-300x200.webp 300w, https:\/\/mydutchai.com\/wp-content\/uploads\/2025\/05\/about_travel_chat_1-1024x683.webp 1024w, https:\/\/mydutchai.com\/wp-content\/uploads\/2025\/05\/about_travel_chat_1-768x512.webp 768w\" sizes=\"auto, (max-width: 1536px) 100vw, 1536px\" \/>\n<\/div>\n<\/div>\n","protected":false},"excerpt":{"rendered":"<p>\u00dcber uns KI hilft Lernenden beim Aufbau von Konversationsf\u00e4higkeiten in der realen Welt Mit Hilfe von KI simuliert Dutch Ai lebensechte Gespr\u00e4che, die sich an Ihr Niveau, Ihr Tempo und Ihre Interessen anpassen \u2013 so sind Sie bestens darauf vorbereitet, in allt\u00e4glichen Situationen selbstbewusst zu sprechen. Adaptive Konversationen \u00dcben Sie dynamische Dialoge, die sich auf &#8230; <a title=\"\u00dcber\" class=\"read-more\" href=\"https:\/\/mydutchai.com\/de\/ueber\/\" aria-label=\"Mehr Informationen \u00fcber \u00dcber\">Weiterlesen &#8230;<\/a><\/p>\n","protected":false},"author":2,"featured_media":0,"parent":0,"menu_order":0,"comment_status":"closed","ping_status":"closed","template":"","meta":{"footnotes":""},"class_list":["post-48862","page","type-page","status-publish"],"_links":{"self":[{"href":"https:\/\/mydutchai.com\/de\/wp-json\/wp\/v2\/pages\/48862","targetHints":{"allow":["GET"]}}],"collection":[{"href":"https:\/\/mydutchai.com\/de\/wp-json\/wp\/v2\/pages"}],"about":[{"href":"https:\/\/mydutchai.com\/de\/wp-json\/wp\/v2\/types\/page"}],"author":[{"embeddable":true,"href":"https:\/\/mydutchai.com\/de\/wp-json\/wp\/v2\/users\/2"}],"replies":[{"embeddable":true,"href":"https:\/\/mydutchai.com\/de\/wp-json\/wp\/v2\/comments?post=48862"}],"version-history":[{"count":1,"href":"https:\/\/mydutchai.com\/de\/wp-json\/wp\/v2\/pages\/48862\/revisions"}],"predecessor-version":[{"id":48863,"href":"https:\/\/mydutchai.com\/de\/wp-json\/wp\/v2\/pages\/48862\/revisions\/48863"}],"wp:attachment":[{"href":"https:\/\/mydutchai.com\/de\/wp-json\/wp\/v2\/media?parent=48862"}],"curies":[{"name":"wp","href":"https:\/\/api.w.org\/{rel}","templated":true}]}}